{"id":136,"date":"2019-12-06T21:26:03","date_gmt":"2019-12-06T21:26:03","guid":{"rendered":"https:\/\/bonncuk.com\/?page_id=136"},"modified":"2020-03-01T15:29:57","modified_gmt":"2020-03-01T15:29:57","slug":"402-opak-kiremit-kirmizi","status":"publish","type":"page","link":"https:\/\/bonncuk.com\/?page_id=136","title":{"rendered":"402 Opak Kiremit K\u0131rm\u0131z\u0131"},"content":{"rendered":"\n<div class=\"wp-block-group\"><div class=\"wp-block-group__inner-container\">\n<figure class=\"wp-block-gallery columns-3 is-cropped\"><ul class=\"blocks-gallery-grid\"><li class=\"blocks-gallery-item\"><figure><a href=\"https:\/\/bonncuk.com\/wp-content\/uploads\/2019\/12\/402-Opak-Kiremit-K\u0131rm\u0131z\u0131.jpg\"><img loading=\"lazy\" width=\"1024\" height=\"924\" src=\"https:\/\/bonncuk.com\/wp-content\/uploads\/2019\/12\/402-Opak-Kiremit-K\u0131rm\u0131z\u0131-1024x924.jpg\" alt=\"\" data-id=\"45\" data-full-url=\"https:\/\/bonncuk.com\/wp-content\/uploads\/2019\/12\/402-Opak-Kiremit-K\u0131rm\u0131z\u0131.jpg\" data-link=\"https:\/\/bonncuk.com\/?attachment_id=45\" class=\"wp-image-45\" srcset=\"https:\/\/bonncuk.com\/wp-content\/uploads\/2019\/12\/402-Opak-Kiremit-K\u0131rm\u0131z\u0131-1024x924.jpg 1024w, https:\/\/bonncuk.com\/wp-content\/uploads\/2019\/12\/402-Opak-Kiremit-K\u0131rm\u0131z\u0131-300x271.jpg 300w, https:\/\/bonncuk.com\/wp-content\/uploads\/2019\/12\/402-Opak-Kiremit-K\u0131rm\u0131z\u0131-768x693.jpg 768w, https:\/\/bonncuk.com\/wp-content\/uploads\/2019\/12\/402-Opak-Kiremit-K\u0131rm\u0131z\u0131-1536x1386.jpg 1536w, https:\/\/bonncuk.com\/wp-content\/uploads\/2019\/12\/402-Opak-Kiremit-K\u0131rm\u0131z\u0131-500x451.jpg 500w, https:\/\/bonncuk.com\/wp-content\/uploads\/2019\/12\/402-Opak-Kiremit-K\u0131rm\u0131z\u0131.jpg 1585w\" sizes=\"(max-width: 1024px) 100vw, 1024px\" \/><\/a><figcaption class=\"blocks-gallery-item__caption\">402 Opak Kiremit K\u0131rm\u0131z\u0131<\/figcaption><\/figure><\/li><li class=\"blocks-gallery-item\"><figure><a href=\"https:\/\/bonncuk.com\/wp-content\/uploads\/2019\/12\/100gr-402-Opak-Kiremit-K\u0131rm\u0131z\u0131.jpg\"><img loading=\"lazy\" width=\"677\" height=\"1024\" src=\"https:\/\/bonncuk.com\/wp-content\/uploads\/2019\/12\/100gr-402-Opak-Kiremit-K\u0131rm\u0131z\u0131-677x1024.jpg\" alt=\"\" data-id=\"30\" data-full-url=\"https:\/\/bonncuk.com\/wp-content\/uploads\/2019\/12\/100gr-402-Opak-Kiremit-K\u0131rm\u0131z\u0131.jpg\" data-link=\"https:\/\/bonncuk.com\/?attachment_id=30\" class=\"wp-image-30\" srcset=\"https:\/\/bonncuk.com\/wp-content\/uploads\/2019\/12\/100gr-402-Opak-Kiremit-K\u0131rm\u0131z\u0131-677x1024.jpg 677w, https:\/\/bonncuk.com\/wp-content\/uploads\/2019\/12\/100gr-402-Opak-Kiremit-K\u0131rm\u0131z\u0131-198x300.jpg 198w, https:\/\/bonncuk.com\/wp-content\/uploads\/2019\/12\/100gr-402-Opak-Kiremit-K\u0131rm\u0131z\u0131-768x1162.jpg 768w, https:\/\/bonncuk.com\/wp-content\/uploads\/2019\/12\/100gr-402-Opak-Kiremit-K\u0131rm\u0131z\u0131-1015x1536.jpg 1015w, https:\/\/bonncuk.com\/wp-content\/uploads\/2019\/12\/100gr-402-Opak-Kiremit-K\u0131rm\u0131z\u0131-500x756.jpg 500w, https:\/\/bonncuk.com\/wp-content\/uploads\/2019\/12\/100gr-402-Opak-Kiremit-K\u0131rm\u0131z\u0131.jpg 1236w\" sizes=\"(max-width: 677px) 100vw, 677px\" \/><\/a><figcaption class=\"blocks-gallery-item__caption\">402 Opak Kiremit K\u0131rm\u0131z\u0131 100gr<\/figcaption><\/figure><\/li><li class=\"blocks-gallery-item\"><figure><a href=\"https:\/\/bonncuk.com\/wp-content\/uploads\/2019\/12\/50gr-402-Opak-Kiremit-K\u0131rm\u0131z\u0131.jpg\"><img loading=\"lazy\" width=\"960\" height=\"1024\" src=\"https:\/\/bonncuk.com\/wp-content\/uploads\/2019\/12\/50gr-402-Opak-Kiremit-K\u0131rm\u0131z\u0131-960x1024.jpg\" alt=\"\" data-id=\"15\" data-full-url=\"https:\/\/bonncuk.com\/wp-content\/uploads\/2019\/12\/50gr-402-Opak-Kiremit-K\u0131rm\u0131z\u0131.jpg\" data-link=\"https:\/\/bonncuk.com\/?attachment_id=15\" class=\"wp-image-15\" srcset=\"https:\/\/bonncuk.com\/wp-content\/uploads\/2019\/12\/50gr-402-Opak-Kiremit-K\u0131rm\u0131z\u0131-960x1024.jpg 960w, https:\/\/bonncuk.com\/wp-content\/uploads\/2019\/12\/50gr-402-Opak-Kiremit-K\u0131rm\u0131z\u0131-281x300.jpg 281w, https:\/\/bonncuk.com\/wp-content\/uploads\/2019\/12\/50gr-402-Opak-Kiremit-K\u0131rm\u0131z\u0131-768x819.jpg 768w, https:\/\/bonncuk.com\/wp-content\/uploads\/2019\/12\/50gr-402-Opak-Kiremit-K\u0131rm\u0131z\u0131-500x533.jpg 500w, https:\/\/bonncuk.com\/wp-content\/uploads\/2019\/12\/50gr-402-Opak-Kiremit-K\u0131rm\u0131z\u0131.jpg 1196w\" sizes=\"(max-width: 960px) 100vw, 960px\" \/><\/a><figcaption class=\"blocks-gallery-item__caption\">402 Opak Kiremit K\u0131rm\u0131z\u0131 50gr<\/figcaption><\/figure><\/li><\/ul><\/figure>\n<\/div><\/div>\n","protected":false},"excerpt":{"rendered":"","protected":false},"author":1,"featured_media":0,"parent":2,"menu_order":0,"comment_status":"closed","ping_status":"closed","template":"","meta":{"_vp_format_video_url":"","_vp_image_focal_point":[]},"yoast_head":"<!-- This site is optimized with the Yoast SEO plugin v15.3 - https:\/\/yoast.com\/wordpress\/plugins\/seo\/ -->\n<title>402 Opak Kiremit K\u0131rm\u0131z\u0131 - www.bonncuk.com<\/title>\n<meta name=\"robots\" content=\"index, follow, max-snippet:-1, max-image-preview:large, max-video-preview:-1\" \/>\n<link rel=\"canonical\" href=\"https:\/\/bonncuk.com\/?page_id=136\" \/>\n<meta property=\"og:locale\" content=\"tr_TR\" \/>\n<meta property=\"og:type\" content=\"article\" \/>\n<meta property=\"og:title\" content=\"402 Opak Kiremit K\u0131rm\u0131z\u0131 - www.bonncuk.com\" \/>\n<meta property=\"og:url\" content=\"https:\/\/bonncuk.com\/?page_id=136\" \/>\n<meta property=\"og:site_name\" content=\"www.bonncuk.com\" \/>\n<meta property=\"article:publisher\" content=\"https:\/\/www.facebook.com\/BonncukDukkani\" \/>\n<meta property=\"article:modified_time\" content=\"2020-03-01T15:29:57+00:00\" \/>\n<meta property=\"og:image\" content=\"https:\/\/bonncuk.com\/wp-content\/uploads\/2019\/12\/402-Opak-Kiremit-K\u0131rm\u0131z\u0131-1024x924.jpg\" \/>\n<meta name=\"twitter:card\" content=\"summary_large_image\" \/>\n<meta name=\"twitter:label1\" content=\"Written by\">\n\t<meta name=\"twitter:data1\" content=\"admin\">\n\t<meta name=\"twitter:label2\" content=\"Tahmini okuma s\u00fcresi\">\n\t<meta name=\"twitter:data2\" content=\"0 dakika\">\n<script type=\"application\/ld+json\" class=\"yoast-schema-graph\">{\"@context\":\"https:\/\/schema.org\",\"@graph\":[{\"@type\":\"Organization\",\"@id\":\"https:\/\/bonncuk.com\/#organization\",\"name\":\"Bonncuk D\\u00fckkan\\u0131\",\"url\":\"https:\/\/bonncuk.com\/\",\"sameAs\":[\"https:\/\/www.facebook.com\/BonncukDukkani\",\"https:\/\/www.instagram.com\/bonncuk_dukkani\/\"],\"logo\":{\"@type\":\"ImageObject\",\"@id\":\"https:\/\/bonncuk.com\/#logo\",\"inLanguage\":\"tr\",\"url\":\"https:\/\/bonncuk.com\/wp-content\/uploads\/2019\/12\/bonncuk-logo-tac-03-scaled-e1575617226967.png\",\"width\":600,\"height\":600,\"caption\":\"Bonncuk D\\u00fckkan\\u0131\"},\"image\":{\"@id\":\"https:\/\/bonncuk.com\/#logo\"}},{\"@type\":\"WebSite\",\"@id\":\"https:\/\/bonncuk.com\/#website\",\"url\":\"https:\/\/bonncuk.com\/\",\"name\":\"www.bonncuk.com\",\"description\":\"Boncuk D\\u00fcnyas\\u0131\",\"publisher\":{\"@id\":\"https:\/\/bonncuk.com\/#organization\"},\"potentialAction\":[{\"@type\":\"SearchAction\",\"target\":\"https:\/\/bonncuk.com\/?s={search_term_string}\",\"query-input\":\"required name=search_term_string\"}],\"inLanguage\":\"tr\"},{\"@type\":\"ImageObject\",\"@id\":\"https:\/\/bonncuk.com\/?page_id=136#primaryimage\",\"inLanguage\":\"tr\",\"url\":\"https:\/\/bonncuk.com\/wp-content\/uploads\/2019\/12\/402-Opak-Kiremit-K\\u0131rm\\u0131z\\u0131.jpg\",\"width\":1585,\"height\":1430,\"caption\":\"402 Opak Kiremit K\\u0131rm\\u0131z\\u0131\"},{\"@type\":\"WebPage\",\"@id\":\"https:\/\/bonncuk.com\/?page_id=136#webpage\",\"url\":\"https:\/\/bonncuk.com\/?page_id=136\",\"name\":\"402 Opak Kiremit K\\u0131rm\\u0131z\\u0131 - www.bonncuk.com\",\"isPartOf\":{\"@id\":\"https:\/\/bonncuk.com\/#website\"},\"primaryImageOfPage\":{\"@id\":\"https:\/\/bonncuk.com\/?page_id=136#primaryimage\"},\"datePublished\":\"2019-12-06T21:26:03+00:00\",\"dateModified\":\"2020-03-01T15:29:57+00:00\",\"breadcrumb\":{\"@id\":\"https:\/\/bonncuk.com\/?page_id=136#breadcrumb\"},\"inLanguage\":\"tr\",\"potentialAction\":[{\"@type\":\"ReadAction\",\"target\":[\"https:\/\/bonncuk.com\/?page_id=136\"]}]},{\"@type\":\"BreadcrumbList\",\"@id\":\"https:\/\/bonncuk.com\/?page_id=136#breadcrumb\",\"itemListElement\":[{\"@type\":\"ListItem\",\"position\":1,\"item\":{\"@type\":\"WebPage\",\"@id\":\"https:\/\/bonncuk.com\/\",\"url\":\"https:\/\/bonncuk.com\/\",\"name\":\"Ana sayfa\"}},{\"@type\":\"ListItem\",\"position\":2,\"item\":{\"@type\":\"WebPage\",\"@id\":\"https:\/\/bonncuk.com\/\",\"url\":\"https:\/\/bonncuk.com\/\",\"name\":\"Kum Boncuklar\"}},{\"@type\":\"ListItem\",\"position\":3,\"item\":{\"@type\":\"WebPage\",\"@id\":\"https:\/\/bonncuk.com\/?page_id=136\",\"url\":\"https:\/\/bonncuk.com\/?page_id=136\",\"name\":\"402 Opak Kiremit K\\u0131rm\\u0131z\\u0131\"}}]}]}<\/script>\n<!-- \/ Yoast SEO plugin. -->","_links":{"self":[{"href":"https:\/\/bonncuk.com\/index.php?rest_route=\/wp\/v2\/pages\/136"}],"collection":[{"href":"https:\/\/bonncuk.com\/index.php?rest_route=\/wp\/v2\/pages"}],"about":[{"href":"https:\/\/bonncuk.com\/index.php?rest_route=\/wp\/v2\/types\/page"}],"author":[{"embeddable":true,"href":"https:\/\/bonncuk.com\/index.php?rest_route=\/wp\/v2\/users\/1"}],"replies":[{"embeddable":true,"href":"https:\/\/bonncuk.com\/index.php?rest_route=%2Fwp%2Fv2%2Fcomments&post=136"}],"version-history":[{"count":1,"href":"https:\/\/bonncuk.com\/index.php?rest_route=\/wp\/v2\/pages\/136\/revisions"}],"predecessor-version":[{"id":137,"href":"https:\/\/bonncuk.com\/index.php?rest_route=\/wp\/v2\/pages\/136\/revisions\/137"}],"up":[{"embeddable":true,"href":"https:\/\/bonncuk.com\/index.php?rest_route=\/wp\/v2\/pages\/2"}],"wp:attachment":[{"href":"https:\/\/bonncuk.com\/index.php?rest_route=%2Fwp%2Fv2%2Fmedia&parent=136"}],"curies":[{"name":"wp","href":"https:\/\/api.w.org\/{rel}","templated":true}]}}