{"id":129,"date":"2019-12-06T21:22:43","date_gmt":"2019-12-06T21:22:43","guid":{"rendered":"https:\/\/bonncuk.com\/?page_id=129"},"modified":"2020-03-01T15:29:34","modified_gmt":"2020-03-01T15:29:34","slug":"301-opak-acik-yesil","status":"publish","type":"page","link":"https:\/\/bonncuk.com\/?page_id=129","title":{"rendered":"301 Opak A\u00e7\u0131k Ye\u015fil"},"content":{"rendered":"\n<div class=\"wp-block-group\"><div class=\"wp-block-group__inner-container\">\n<figure class=\"wp-block-gallery columns-3 is-cropped\"><ul class=\"blocks-gallery-grid\"><li class=\"blocks-gallery-item\"><figure><a href=\"https:\/\/bonncuk.com\/wp-content\/uploads\/2019\/12\/301-Opak-A\u00e7\u0131k-Ye\u015fil.jpg\"><img loading=\"lazy\" width=\"1024\" height=\"802\" src=\"https:\/\/bonncuk.com\/wp-content\/uploads\/2019\/12\/301-Opak-A\u00e7\u0131k-Ye\u015fil-1024x802.jpg\" alt=\"\" data-id=\"42\" data-full-url=\"https:\/\/bonncuk.com\/wp-content\/uploads\/2019\/12\/301-Opak-A\u00e7\u0131k-Ye\u015fil.jpg\" data-link=\"https:\/\/bonncuk.com\/?attachment_id=42\" class=\"wp-image-42\" srcset=\"https:\/\/bonncuk.com\/wp-content\/uploads\/2019\/12\/301-Opak-A\u00e7\u0131k-Ye\u015fil-1024x802.jpg 1024w, https:\/\/bonncuk.com\/wp-content\/uploads\/2019\/12\/301-Opak-A\u00e7\u0131k-Ye\u015fil-300x235.jpg 300w, https:\/\/bonncuk.com\/wp-content\/uploads\/2019\/12\/301-Opak-A\u00e7\u0131k-Ye\u015fil-768x602.jpg 768w, https:\/\/bonncuk.com\/wp-content\/uploads\/2019\/12\/301-Opak-A\u00e7\u0131k-Ye\u015fil-1536x1203.jpg 1536w, https:\/\/bonncuk.com\/wp-content\/uploads\/2019\/12\/301-Opak-A\u00e7\u0131k-Ye\u015fil-500x392.jpg 500w, https:\/\/bonncuk.com\/wp-content\/uploads\/2019\/12\/301-Opak-A\u00e7\u0131k-Ye\u015fil.jpg 1740w\" sizes=\"(max-width: 1024px) 100vw, 1024px\" \/><\/a><figcaption class=\"blocks-gallery-item__caption\">301 Opak A\u00e7\u0131k Ye\u015fil<\/figcaption><\/figure><\/li><li class=\"blocks-gallery-item\"><figure><a href=\"https:\/\/bonncuk.com\/wp-content\/uploads\/2019\/12\/100gr-301-Opak-A\u00e7\u0131k-Ye\u015fil.jpg\"><img loading=\"lazy\" width=\"842\" height=\"1024\" src=\"https:\/\/bonncuk.com\/wp-content\/uploads\/2019\/12\/100gr-301-Opak-A\u00e7\u0131k-Ye\u015fil-842x1024.jpg\" alt=\"\" data-id=\"27\" data-full-url=\"https:\/\/bonncuk.com\/wp-content\/uploads\/2019\/12\/100gr-301-Opak-A\u00e7\u0131k-Ye\u015fil.jpg\" data-link=\"https:\/\/bonncuk.com\/?attachment_id=27\" class=\"wp-image-27\" srcset=\"https:\/\/bonncuk.com\/wp-content\/uploads\/2019\/12\/100gr-301-Opak-A\u00e7\u0131k-Ye\u015fil-842x1024.jpg 842w, https:\/\/bonncuk.com\/wp-content\/uploads\/2019\/12\/100gr-301-Opak-A\u00e7\u0131k-Ye\u015fil-247x300.jpg 247w, https:\/\/bonncuk.com\/wp-content\/uploads\/2019\/12\/100gr-301-Opak-A\u00e7\u0131k-Ye\u015fil-768x934.jpg 768w, https:\/\/bonncuk.com\/wp-content\/uploads\/2019\/12\/100gr-301-Opak-A\u00e7\u0131k-Ye\u015fil-1263x1536.jpg 1263w, https:\/\/bonncuk.com\/wp-content\/uploads\/2019\/12\/100gr-301-Opak-A\u00e7\u0131k-Ye\u015fil-500x608.jpg 500w, https:\/\/bonncuk.com\/wp-content\/uploads\/2019\/12\/100gr-301-Opak-A\u00e7\u0131k-Ye\u015fil.jpg 1473w\" sizes=\"(max-width: 842px) 100vw, 842px\" \/><\/a><figcaption class=\"blocks-gallery-item__caption\">301 Opak A\u00e7\u0131k Ye\u015fil 100gr<\/figcaption><\/figure><\/li><li class=\"blocks-gallery-item\"><figure><a href=\"https:\/\/bonncuk.com\/wp-content\/uploads\/2019\/12\/50gr-301-Opak-A\u00e7\u0131k-Ye\u015fil.jpg\"><img loading=\"lazy\" width=\"1024\" height=\"1009\" src=\"https:\/\/bonncuk.com\/wp-content\/uploads\/2019\/12\/50gr-301-Opak-A\u00e7\u0131k-Ye\u015fil-1024x1009.jpg\" alt=\"\" data-id=\"12\" data-full-url=\"https:\/\/bonncuk.com\/wp-content\/uploads\/2019\/12\/50gr-301-Opak-A\u00e7\u0131k-Ye\u015fil.jpg\" data-link=\"https:\/\/bonncuk.com\/?attachment_id=12\" class=\"wp-image-12\" srcset=\"https:\/\/bonncuk.com\/wp-content\/uploads\/2019\/12\/50gr-301-Opak-A\u00e7\u0131k-Ye\u015fil-1024x1009.jpg 1024w, https:\/\/bonncuk.com\/wp-content\/uploads\/2019\/12\/50gr-301-Opak-A\u00e7\u0131k-Ye\u015fil-300x296.jpg 300w, https:\/\/bonncuk.com\/wp-content\/uploads\/2019\/12\/50gr-301-Opak-A\u00e7\u0131k-Ye\u015fil-768x757.jpg 768w, https:\/\/bonncuk.com\/wp-content\/uploads\/2019\/12\/50gr-301-Opak-A\u00e7\u0131k-Ye\u015fil-500x493.jpg 500w, https:\/\/bonncuk.com\/wp-content\/uploads\/2019\/12\/50gr-301-Opak-A\u00e7\u0131k-Ye\u015fil.jpg 1335w\" sizes=\"(max-width: 1024px) 100vw, 1024px\" \/><\/a><figcaption class=\"blocks-gallery-item__caption\">301 Opak A\u00e7\u0131k Ye\u015fil 50gr<\/figcaption><\/figure><\/li><\/ul><\/figure>\n<\/div><\/div>\n","protected":false},"excerpt":{"rendered":"","protected":false},"author":1,"featured_media":0,"parent":2,"menu_order":0,"comment_status":"closed","ping_status":"closed","template":"","meta":{"_vp_format_video_url":"","_vp_image_focal_point":[]},"yoast_head":"<!-- This site is optimized with the Yoast SEO plugin v15.3 - https:\/\/yoast.com\/wordpress\/plugins\/seo\/ -->\n<title>301 Opak A\u00e7\u0131k Ye\u015fil - www.bonncuk.com<\/title>\n<meta name=\"robots\" content=\"index, follow, max-snippet:-1, max-image-preview:large, max-video-preview:-1\" \/>\n<link rel=\"canonical\" href=\"https:\/\/bonncuk.com\/?page_id=129\" \/>\n<meta property=\"og:locale\" content=\"tr_TR\" \/>\n<meta property=\"og:type\" content=\"article\" \/>\n<meta property=\"og:title\" content=\"301 Opak A\u00e7\u0131k Ye\u015fil - www.bonncuk.com\" \/>\n<meta property=\"og:url\" content=\"https:\/\/bonncuk.com\/?page_id=129\" \/>\n<meta property=\"og:site_name\" content=\"www.bonncuk.com\" \/>\n<meta property=\"article:publisher\" content=\"https:\/\/www.facebook.com\/BonncukDukkani\" \/>\n<meta property=\"article:modified_time\" content=\"2020-03-01T15:29:34+00:00\" \/>\n<meta property=\"og:image\" content=\"https:\/\/bonncuk.com\/wp-content\/uploads\/2019\/12\/301-Opak-A\u00e7\u0131k-Ye\u015fil-1024x802.jpg\" \/>\n<meta name=\"twitter:card\" content=\"summary_large_image\" \/>\n<meta name=\"twitter:label1\" content=\"Written by\">\n\t<meta name=\"twitter:data1\" content=\"admin\">\n\t<meta name=\"twitter:label2\" content=\"Tahmini okuma s\u00fcresi\">\n\t<meta name=\"twitter:data2\" content=\"0 dakika\">\n<script type=\"application\/ld+json\" class=\"yoast-schema-graph\">{\"@context\":\"https:\/\/schema.org\",\"@graph\":[{\"@type\":\"Organization\",\"@id\":\"https:\/\/bonncuk.com\/#organization\",\"name\":\"Bonncuk D\\u00fckkan\\u0131\",\"url\":\"https:\/\/bonncuk.com\/\",\"sameAs\":[\"https:\/\/www.facebook.com\/BonncukDukkani\",\"https:\/\/www.instagram.com\/bonncuk_dukkani\/\"],\"logo\":{\"@type\":\"ImageObject\",\"@id\":\"https:\/\/bonncuk.com\/#logo\",\"inLanguage\":\"tr\",\"url\":\"https:\/\/bonncuk.com\/wp-content\/uploads\/2019\/12\/bonncuk-logo-tac-03-scaled-e1575617226967.png\",\"width\":600,\"height\":600,\"caption\":\"Bonncuk D\\u00fckkan\\u0131\"},\"image\":{\"@id\":\"https:\/\/bonncuk.com\/#logo\"}},{\"@type\":\"WebSite\",\"@id\":\"https:\/\/bonncuk.com\/#website\",\"url\":\"https:\/\/bonncuk.com\/\",\"name\":\"www.bonncuk.com\",\"description\":\"Boncuk D\\u00fcnyas\\u0131\",\"publisher\":{\"@id\":\"https:\/\/bonncuk.com\/#organization\"},\"potentialAction\":[{\"@type\":\"SearchAction\",\"target\":\"https:\/\/bonncuk.com\/?s={search_term_string}\",\"query-input\":\"required name=search_term_string\"}],\"inLanguage\":\"tr\"},{\"@type\":\"ImageObject\",\"@id\":\"https:\/\/bonncuk.com\/?page_id=129#primaryimage\",\"inLanguage\":\"tr\",\"url\":\"https:\/\/bonncuk.com\/wp-content\/uploads\/2019\/12\/301-Opak-A\\u00e7\\u0131k-Ye\\u015fil.jpg\",\"width\":1740,\"height\":1363,\"caption\":\"301 Opak A\\u00e7\\u0131k Ye\\u015fil\"},{\"@type\":\"WebPage\",\"@id\":\"https:\/\/bonncuk.com\/?page_id=129#webpage\",\"url\":\"https:\/\/bonncuk.com\/?page_id=129\",\"name\":\"301 Opak A\\u00e7\\u0131k Ye\\u015fil - www.bonncuk.com\",\"isPartOf\":{\"@id\":\"https:\/\/bonncuk.com\/#website\"},\"primaryImageOfPage\":{\"@id\":\"https:\/\/bonncuk.com\/?page_id=129#primaryimage\"},\"datePublished\":\"2019-12-06T21:22:43+00:00\",\"dateModified\":\"2020-03-01T15:29:34+00:00\",\"breadcrumb\":{\"@id\":\"https:\/\/bonncuk.com\/?page_id=129#breadcrumb\"},\"inLanguage\":\"tr\",\"potentialAction\":[{\"@type\":\"ReadAction\",\"target\":[\"https:\/\/bonncuk.com\/?page_id=129\"]}]},{\"@type\":\"BreadcrumbList\",\"@id\":\"https:\/\/bonncuk.com\/?page_id=129#breadcrumb\",\"itemListElement\":[{\"@type\":\"ListItem\",\"position\":1,\"item\":{\"@type\":\"WebPage\",\"@id\":\"https:\/\/bonncuk.com\/\",\"url\":\"https:\/\/bonncuk.com\/\",\"name\":\"Ana sayfa\"}},{\"@type\":\"ListItem\",\"position\":2,\"item\":{\"@type\":\"WebPage\",\"@id\":\"https:\/\/bonncuk.com\/\",\"url\":\"https:\/\/bonncuk.com\/\",\"name\":\"Kum Boncuklar\"}},{\"@type\":\"ListItem\",\"position\":3,\"item\":{\"@type\":\"WebPage\",\"@id\":\"https:\/\/bonncuk.com\/?page_id=129\",\"url\":\"https:\/\/bonncuk.com\/?page_id=129\",\"name\":\"301 Opak A\\u00e7\\u0131k Ye\\u015fil\"}}]}]}<\/script>\n<!-- \/ Yoast SEO plugin. -->","_links":{"self":[{"href":"https:\/\/bonncuk.com\/index.php?rest_route=\/wp\/v2\/pages\/129"}],"collection":[{"href":"https:\/\/bonncuk.com\/index.php?rest_route=\/wp\/v2\/pages"}],"about":[{"href":"https:\/\/bonncuk.com\/index.php?rest_route=\/wp\/v2\/types\/page"}],"author":[{"embeddable":true,"href":"https:\/\/bonncuk.com\/index.php?rest_route=\/wp\/v2\/users\/1"}],"replies":[{"embeddable":true,"href":"https:\/\/bonncuk.com\/index.php?rest_route=%2Fwp%2Fv2%2Fcomments&post=129"}],"version-history":[{"count":1,"href":"https:\/\/bonncuk.com\/index.php?rest_route=\/wp\/v2\/pages\/129\/revisions"}],"predecessor-version":[{"id":130,"href":"https:\/\/bonncuk.com\/index.php?rest_route=\/wp\/v2\/pages\/129\/revisions\/130"}],"up":[{"embeddable":true,"href":"https:\/\/bonncuk.com\/index.php?rest_route=\/wp\/v2\/pages\/2"}],"wp:attachment":[{"href":"https:\/\/bonncuk.com\/index.php?rest_route=%2Fwp%2Fv2%2Fmedia&parent=129"}],"curies":[{"name":"wp","href":"https:\/\/api.w.org\/{rel}","templated":true}]}}